{"id":1592,"date":"2016-09-16T16:03:55","date_gmt":"2016-09-16T16:03:55","guid":{"rendered":"https:\/\/www.wilk-salinas.com\/kontakt\/"},"modified":"2022-01-12T16:24:23","modified_gmt":"2022-01-12T16:24:23","slug":"kontakt","status":"publish","type":"page","link":"https:\/\/www.wilk-salinas.com\/es\/kontakt\/","title":{"rendered":"Contacto"},"content":{"rendered":"<p>[vc_row][vc_column][vc_single_image image=\u00bb6727&#8243; img_size=\u00bb700&#215;500&#8243;][\/vc_column][\/vc_row][vc_row equal_height=\u00bbyes\u00bb][vc_column width=\u00bb1\/2&#8243;][vc_column_text]<\/p>\n<h5>PERFIL DEL ESTUDIO<\/h5>\n<p>El estudio de arquitectura Wilk-Salinas Architekten se fund\u00f3 en Berl\u00edn, en 2004. Nace de la asociaci\u00f3n hispano-germ\u00e1nica entre los arquitectos Gilbert Wilk (colegio de arquitectos de Berl\u00edn) y Ana Salinas (colegio de arquitectos de Berl\u00edn y Madrid), bajo el lema \u201cconstruir magia\u201d.<\/p>\n<p>Ubicado en el barrio de Kreuzberg, Wilk-Salinas Architekten cuenta con un equipo permanente y multidisciplinar formado por siete arquitectos, de procedencia internacional y experiencia en distintos \u00e1mbitos. El estudio cuenta con diez puestos de trabajo y varias opciones de impresi\u00f3n. Muchos de los proyectos se llevan a cabo en estrecha colaboraci\u00f3n con otros equipos, profesionales de diversas disciplinas, como por ejemplo:<br \/>\n&#8211; Arquitectos: CPM Architekten (Berlin), Blauraum Architekten (Hamburg), Menis arquitectos (Tenerife), Ruiz Larrea &amp; Asociados (Madrid)<br \/>\n&#8211; Artistas \/ dise\u00f1adores: Serein Konzeptkunst &amp; Mikroarchitektur (Berlin), Prof. Susanne Lorenz (Berlin), Yoraco Gonzalez (Berlin\/Caracas)<br \/>\n&#8211; Paisajistas: H\u00e4fner Jim\u00e9nez Betcke Jarosch Landschaftsarchitektur (berlin),\u00a0 JUCA architektur+landschaftsarchitektur (Berlin), Fugmann Janotta Partner Landschaftarchitektur (Berlin)<\/p>\n<p>Gilbert Wilk y Ana Salinas se conocieron en Tenerife, cuando ambos trabajaban para el estudio AMP arquitectos: Wilk en direcci\u00f3n de obra y Salinas en direcci\u00f3n de obra del proyecto Magma Centro de Arte y Congresos, entre otros. Pronto supieron apreciar las competencias y fortalezas del uno y del otro, lo cual motiv\u00f3 el trabajo conjunto en concursos de arquitectura. Tras estos primeros pasos se fomenta la idea de ampliar la colaboraci\u00f3n y crear un proyecto de mayor envergadura.<\/p>\n<p>Durante la etapa en AMP arquitectos, el arquitecto espa\u00f1ol Fernando Menis no s\u00f3lo se convirti\u00f3 en uno de sus principales mentores, si no en el cimiento de una gran amistad. Su filosof\u00eda basada en la sostenibilidad, el abaratamiento de costes y la flexibilidad unida al respeto y la integraci\u00f3n de los elementos naturales en el paisaje urbano, sigue siendo, hoy d\u00eda, la gu\u00eda b\u00e1sica en el trabajo de Wilk-Salinas. Concepci\u00f3n \u00e9sta que se ve complementada con la transformaci\u00f3n creativa-funcional de edificios y \u00e1reas protegidos bajo patrimonio hist\u00f3rico.<\/p>\n<p>En 2004 se concluye el aclamado proyecto Badeschiff, una piscina flotante situada en el r\u00edo Spree en Berl\u00edn, construida a trav\u00e9s de la transformaci\u00f3n de un barco de carga. Este proyecto fue concebido y realizado por Gilbert Wilk y su equipo de AMP arquitectos, en colaboraci\u00f3n con la artista Susanne Lorenz. Tras la culminaci\u00f3n de la obra Wilk recibe el encargo de desarrollar un concepto para el uso de la piscina fuera de los meses estivales..<\/p>\n<p>Este es punto de inflexi\u00f3n que marcar\u00eda el nacimiento de Wilk-Salinas Architekten, al tomar ambos arquitectos, gracias a la iniciativa de Wilk, la decisi\u00f3n de mudarse a Berl\u00edn para, desde all\u00ed, trabajar juntos en la concepci\u00f3n del proyecto Winterbadeschiff y establecer su propio estudio de arquitectura. En 2005 tras la finalizaci\u00f3n del premiado proyecto, Wilk-Salinas Architekten contin\u00faan realizando proyectos innovadores y extensamente aclamados entre los que destacan: las transformaciones de estructuras arquitect\u00f3nicas preexistentes, que imprimen inter\u00e9s al contexto urbano. Algunos de los proyectos que ejemplifican estas transformaciones:<br \/>\n<em>&#8211; Battersea<\/em> (London): La conversi\u00f3n de un pont\u00f3n en un \u00e1rea recreativa flotante<br \/>\n<em>&#8211; White Trash Fast Food Club<\/em> (Berlin): Transformaci\u00f3n de una nave industrial en sala de conciertos con restaurante<br \/>\n<em>&#8211; Sea Flower<\/em> (Dubai): Wellness-club flotante en la marina de Dubai<br \/>\n<em>&#8211; Liesenbr\u00fccke<\/em> (Berl\u00edn): Transformaci\u00f3n de un puente, bajo protecci\u00f3n de patrimonio hist\u00f3rico, en un hotel con espacios culturales<\/p>\n<p>La mayor\u00eda de sus proyectos se basan en la reutilizaci\u00f3n de edificios preexistentes que, en la mayor\u00eda de los casos est\u00e1n protegidos como patrimonio hist\u00f3rico. Wilk-Salinas Architekten se concentra en la construcci\u00f3n sostenible y eficiente en todos los aspectos, tambi\u00e9n el econ\u00f3mico, en cada uno de sus proyectos.<\/p>\n<p>Fiel a sus or\u00edgenes respectivos, Wilk-Salinas Architekten ocupa un lugar importante en la escena arquitect\u00f3nica germano-espa\u00f1ola; Ana Salinas es una de las representantes del colegio oficial de arquitectos de Madrid (COAM) en Alemania. El estudio Wilk-Salinas Architekten es un referente cuando se trata de proyectos hispano- germ\u00e1nicos ligados a edificaciones bajo protecci\u00f3n de patrimonio hist\u00f3rico . Un ejemplo de ello es la participaci\u00f3n de Wilk-Salinas Architekten en la organizaci\u00f3n del simposio de arquitectura Berl\u00edn-Madrid en diciembre de 2017.<\/p>\n<h5>ACCIONISTAS<\/h5>\n<p>Gilbert Wilk, Dipl. Ing. Architekt BDA (RWTH Aachen) und Ana Salinas, Architekt BDA (ETSAM Madrid)<\/p>\n<h5>T\u00cdTULO DEL EMPLEO<\/h5>\n<p>Los arquitectos Gilbert Wilk (n\u00famero de colegiado 12419) y Ana Salinas (n\u00famero de colegiado 12130) son miembros de la C\u00e1mara de Arquitectos de Berl\u00edn, Alte Jakobsstrasse 149, 10969 Berl\u00edn, T (030) 29 33 070, kammer@ak-berlin.de, www.ak-berlin.de.<\/p>\n<h5>N\u00daMERO DE FISCAL<\/h5>\n<p>Umsatzsteuer-Identifikationsnummer DE 302 066 763, Finanzamt Friedrichshain-Kreuzberg<\/p>\n<h5>SEGURO DE RESPONSABILIDAD CIVIL PROFESIONAL<\/h5>\n<p>AIA\/EUROMAF S.A., Niederlassung f\u00fcr Deutschland, Kaistrasse 13, 40221 D\u00fcsseldorf, Nummer des Versicherungsscheins 036966<\/p>\n<h5>COPYRIGHT<\/h5>\n<p>Todos los contenidos, como fotos, gr\u00e1ficos y textos, est\u00e1n protegidos por derechos de autor. Cualquier uso, incluso parcial, requiere autorizaci\u00f3n previa. Si desea utilizar contenidos de nuestra oferta en l\u00ednea, p\u00f3ngase en contacto con Wilk-Salinas Architekten.<\/p>\n<h5>AVISO LEGAL<\/h5>\n<p>A pesar del cuidadoso control del contenido, no se asume ninguna responsabilidad por el contenido de los enlaces externos. Los operadores de dichos enlaces son los \u00fanicos responsables de su contenido.[\/vc_column_text][\/vc_column][vc_column width=\u00bb1\/2&#8243;][vc_column_text]<\/p>\n<h5>DIRECCI\u00d3N<\/h5>\n<p>Wilk-Salinas Gesellschaft von Architekten mbH<\/p>\n<p>Oficina principal:<br \/>\nKurf\u00fcrstendamm 66<br \/>\n10707 Berlin<\/p>\n<p>Segunda oficina:<br \/>\nSchlesische Str. 12<br \/>\n10997 Berlin<\/p>\n<p>T +49 30 6162 8960<br \/>\nF +49 30 6162 8959<br \/>\n<a href=\"mailto:mail@wilk-salinas.com\">mail@wilk-salinas.com<\/a><\/p>\n<p>&nbsp;<\/p>\n<h5>RECURSOS HUMANOS<\/h5>\n<p><a href=\"mailto:bewerbung@wilk-salinas.com\">bewerbung@wilk-salinas.com<\/a>[\/vc_column_text][\/vc_column][\/vc_row]<\/p>\n","protected":false},"excerpt":{"rendered":"<p>[vc_row][vc_column][vc_single_image image=\u00bb6727&#8243; img_size=\u00bb700&#215;500&#8243;][\/vc_column][\/vc_row][vc_row equal_height=\u00bbyes\u00bb][vc_column width=\u00bb1\/2&#8243;][vc_column_text] PERFIL DEL ESTUDIO El estudio de arquitectura Wilk-Salinas Architekten se fund\u00f3 en Berl\u00edn, en 2004. Nace de la asociaci\u00f3n hispano-germ\u00e1nica entre los arquitectos Gilbert Wilk (colegio de arquitectos de Berl\u00edn) y Ana Salinas (colegio de arquitectos de Berl\u00edn y Madrid), bajo el lema \u201cconstruir magia\u201d. Ubicado en el barrio de [&hellip;]<\/p>\n","protected":false},"author":1,"featured_media":0,"parent":0,"menu_order":0,"comment_status":"closed","ping_status":"open","template":"","meta":{"_acf_changed":false,"footnotes":""},"class_list":["post-1592","page","type-page","status-publish","hentry"],"acf":[],"aioseo_notices":[],"_links":{"self":[{"href":"https:\/\/www.wilk-salinas.com\/es\/wp-json\/wp\/v2\/pages\/1592","targetHints":{"allow":["GET"]}}],"collection":[{"href":"https:\/\/www.wilk-salinas.com\/es\/wp-json\/wp\/v2\/pages"}],"about":[{"href":"https:\/\/www.wilk-salinas.com\/es\/wp-json\/wp\/v2\/types\/page"}],"author":[{"embeddable":true,"href":"https:\/\/www.wilk-salinas.com\/es\/wp-json\/wp\/v2\/users\/1"}],"replies":[{"embeddable":true,"href":"https:\/\/www.wilk-salinas.com\/es\/wp-json\/wp\/v2\/comments?post=1592"}],"version-history":[{"count":20,"href":"https:\/\/www.wilk-salinas.com\/es\/wp-json\/wp\/v2\/pages\/1592\/revisions"}],"predecessor-version":[{"id":6962,"href":"https:\/\/www.wilk-salinas.com\/es\/wp-json\/wp\/v2\/pages\/1592\/revisions\/6962"}],"wp:attachment":[{"href":"https:\/\/www.wilk-salinas.com\/es\/wp-json\/wp\/v2\/media?parent=1592"}],"curies":[{"name":"wp","href":"https:\/\/api.w.org\/{rel}","templated":true}]}}