{"id":1783,"date":"2016-09-16T14:30:06","date_gmt":"2016-09-16T14:30:06","guid":{"rendered":"https:\/\/www.wilk-salinas.com\/auszeichnungen\/"},"modified":"2020-07-01T15:33:24","modified_gmt":"2020-07-01T15:33:24","slug":"auszeichnungen","status":"publish","type":"page","link":"https:\/\/www.wilk-salinas.com\/es\/auszeichnungen\/","title":{"rendered":"Premios"},"content":{"rendered":"<p>[vc_row][vc_column][vc_custom_heading text=\u00bb2015&#8243; use_theme_fonts=\u00bbyes\u00bb][vc_column_text]Nichtoffener st\u00e4dtebaulich-freiraumplanerischer Realisierungswettbewerb\u00bbUmgestaltung des Bahnhofsplatzes in Dinslaken\u00bb, 1 Anerkennung\u00a0<a href=\"http:\/\/innenstadt-dinslaken.de\/projekte-und-massnahmen\/wettbewerb\/\" target=\"_blank\" rel=\"noopener noreferrer\"><i class=\"fa fa-long-arrow-right \" ><\/i><\/a>[\/vc_column_text][\/vc_column][\/vc_row][vc_row][vc_column][vc_custom_heading text=\u00bb2014&#8243; use_theme_fonts=\u00bbyes\u00bb][vc_column_text]Battersea Power Station competition (Jetty and Foreshore), London, invited competition\u00a0<a href=\"https:\/\/batterseapowerstation.co.uk\/\" target=\"_blank\" rel=\"noopener noreferrer\"><i class=\"fa fa-long-arrow-right \" ><\/i><\/a><\/p>\n<p>Hochbaulicher Realisierungswettbewerb \u00abNeubau einer Touristinformation Hamburger Rathausmarkt\u00bb, Einladung zu Teilnahme, nicht offenen Realisierungswettbewerb.<\/p>\n<p>St\u00e4debaulicher Ideenwettbewerb \u00abAreal Bussebart \/ Stadthafen, Rostock\u00bb, Finalist.[\/vc_column_text][\/vc_column][\/vc_row][vc_row][vc_column][vc_custom_heading text=\u00bb2008&#8243; use_theme_fonts=\u00bbyes\u00bb][vc_column_text]Realisierungswettbewerb \u201eModernisierung des st\u00e4dtischen Freibades Arzberg\u201c, 2. Preis, Auslober Stadt Arzberg\u00a0<a href=\"http:\/\/www.competitionline.com\/de\/ergebnisse\/11007\" target=\"_blank\" rel=\"noopener noreferrer\"><i class=\"fa fa-long-arrow-right \" ><\/i><\/a>[\/vc_column_text][\/vc_column][\/vc_row][vc_row][vc_column][vc_custom_heading text=\u00bb2007&#8243; use_theme_fonts=\u00bbyes\u00bb][vc_column_text]IULA 2007, International Urban Landscape Award, \u201eLobende Erw\u00e4hnung\u201c, Winterbadeschiff (Wilk-Salinas Architekten mit Thomas Freiwald) <a href=\"http:\/\/www.competitionline.com\/de\/wettbewerbe\/7785\" target=\"_blank\" rel=\"noopener noreferrer\"><i class=\"fa fa-long-arrow-right \" ><\/i><\/a><\/p>\n<p>BDA &#8211; Preis f\u00fcr Architektur 2007, Nike f\u00fcr Preis und Leistung, Winterbadeschiff (Wilk-Salinas Architekten mit Thomas Freiwald) <a href=\"https:\/\/bda-bund.de\/awards\/winterbadeschiff-berlin-2\/\" target=\"_blank\" rel=\"noopener noreferrer\"><i class=\"fa fa-long-arrow-right \" ><\/i><\/a><\/p>\n<p>Immobilienaward Berlin 2007, \u201eLobende Erw\u00e4hnung\u201c , Winterbadeschiff (Wilk-Salinas Architekten mit Thomas Freiwald)<\/p>\n<p class=\"p1\">IOC \/ IAKS AWARD 2007 in Silber, International Association for Sports and Leisure Facilities, Winterbadeschiff (Wilk-Salinas Architekten mit Thomas Freiwald) <a href=\"https:\/\/www.baunetz.de\/meldungen\/Meldungen-IOC-IAKS_Award_2007_fuer_Sportstaetten_entschieden_27408.html\" target=\"_blank\" rel=\"noopener noreferrer\"><i class=\"fa fa-long-arrow-right \" ><\/i><\/a><\/p>\n<p>[\/vc_column_text][\/vc_column][\/vc_row][vc_row][vc_column][vc_custom_heading text=\u00bb2006&#8243; use_theme_fonts=\u00bbyes\u00bb][vc_column_text]Architekturpreis Berlin 2006, Auszeichnung und Publikumspreis f\u00fcr das Projekt \u201eWinterbadeschiff\u201c (Wilk-Salinas Architekten mit Thomas Freiwald) <a href=\"http:\/\/www.architekturpreis-berlin.de\/de\/Preis\/Architekturpreis%20Berlin%202006\/\" target=\"_blank\" rel=\"noopener noreferrer\"><i class=\"fa fa-long-arrow-right \" ><\/i><\/a><\/p>\n<p>Holzbaupreis 2006, Architektenwettbewerb f\u00fcr die Bundesl\u00e4nder Berlin, Brandenburg, Mecklenburg-Vorpommern und Sachsen-Anhalt f\u00fcr das Projekt \u201eWinterbadeschiff\u201c (Wilk-Salinas Architekten mit Thomas Freiwald) <a href=\"https:\/\/www.competitionline.com\/de\/ergebnisse\/5876\" target=\"_blank\" rel=\"noopener noreferrer\"><i class=\"fa fa-long-arrow-right \" ><\/i><\/a><\/p>\n<p>10. Internationale Architektur-Biennale Venedig 2006 \u00abCities. Architecture and Society\u00bb Teilnahme im Deutschen Pavillon mit den Projekten \u00abBadeschiff\u00bb + \u00abWinterbadeschiff\u00bb (AMP arquitectos mit Gilbert Wilk und Susanne Lorenz \/ Wilk-Salinas Architekten mit Thomas Freiwald) <a href=\"http:\/\/www.convertiblecity.de\/CONVERTIBLE%20CITY_deutsch_aktuell.pdf\" target=\"_blank\" rel=\"noopener noreferrer\"><i class=\"fa fa-long-arrow-right \" ><\/i><\/a><\/p>\n<p>4\u00ba Premio Europeo del Espacio Publico Urbano 2006, Finalista. Barcelona, con el proyecto \u00abBadeschiff\u00bb (AMP arquitectos con Gilbert Wilk y Susanne Lorenz)[\/vc_column_text][\/vc_column][\/vc_row][vc_row][vc_column][vc_custom_heading text=\u00bb2005&#8243; use_theme_fonts=\u00bbyes\u00bb][vc_column_text]<\/p>\n<p>Nueva sede del COAM, Menci\u00f3n. Madrid, 2005: TAFONI (Ana Salinas y Gilbert Wilk)<\/p>\n<p>Concurso para puestos de flores en Tirso de Molina, Selecci\u00f3n. Madrid, 2005: MACETAS (Ana Salinas)<\/p>\n<p>[\/vc_column_text][\/vc_column][\/vc_row][vc_row][vc_column][vc_custom_heading text=\u00bb2004&#8243;][vc_column_text]<\/p>\n<p>Concurso Mirador Chayofita ,3\u00ba premio.<span class=\"Apple-converted-space\">\u00a0 <\/span>Tenerife, 2004: CUEVAS Y LAVA (Ana Salinas y Gilbert Wilk)<\/p>\n<p>AE 2005, VIII Bienal de Arquitectura Espa\u00f1ola con el proyecto \u00abBadeschiff\u00bb Finalista (AMP arquitectos con Gilbert Wilk y Susanne Lorenz)<\/p>\n<p>Concurs Internacional d\u00b4Habitages Catalunya 400.000 habitages, 3\u00ba premio. Barcelona, 2004: PATRONES (Ana Salinas, Mariola Merino, Esther Ceballos)<\/p>\n<p>[\/vc_column_text][\/vc_column][\/vc_row][vc_row][vc_column][vc_custom_heading text=\u00bb2002&#8243;][vc_column_text]<\/p>\n<p>Internationaler Wettbewerb im Rahmen von con_con, constructed connections, vom Verein Stadtkunstprojekte e.V., 2002. 1\u00ba Preis (AMP arquitectos mit Gilbert Wilk und Susanne Lorenz)<\/p>\n<p>[\/vc_column_text][\/vc_column][\/vc_row]<\/p>\n","protected":false},"excerpt":{"rendered":"<p>[vc_row][vc_column][vc_custom_heading text=\u00bb2015&#8243; use_theme_fonts=\u00bbyes\u00bb][vc_column_text]Nichtoffener st\u00e4dtebaulich-freiraumplanerischer Realisierungswettbewerb\u00bbUmgestaltung des Bahnhofsplatzes in Dinslaken\u00bb, 1 Anerkennung\u00a0[\/vc_column_text][\/vc_column][\/vc_row][vc_row][vc_column][vc_custom_heading text=\u00bb2014&#8243; use_theme_fonts=\u00bbyes\u00bb][vc_column_text]Battersea Power Station competition (Jetty and Foreshore), London, invited competition\u00a0 Hochbaulicher Realisierungswettbewerb \u00abNeubau einer Touristinformation Hamburger Rathausmarkt\u00bb, Einladung zu Teilnahme, nicht offenen Realisierungswettbewerb. St\u00e4debaulicher Ideenwettbewerb \u00abAreal Bussebart \/ Stadthafen, Rostock\u00bb, Finalist.[\/vc_column_text][\/vc_column][\/vc_row][vc_row][vc_column][vc_custom_heading text=\u00bb2008&#8243; use_theme_fonts=\u00bbyes\u00bb][vc_column_text]Realisierungswettbewerb \u201eModernisierung des st\u00e4dtischen Freibades Arzberg\u201c, 2. Preis, Auslober Stadt Arzberg\u00a0[\/vc_column_text][\/vc_column][\/vc_row][vc_row][vc_column][vc_custom_heading [&hellip;]<\/p>\n","protected":false},"author":1,"featured_media":0,"parent":0,"menu_order":0,"comment_status":"closed","ping_status":"open","template":"","meta":{"_acf_changed":false,"footnotes":""},"class_list":["post-1783","page","type-page","status-publish","hentry"],"acf":[],"aioseo_notices":[],"_links":{"self":[{"href":"https:\/\/www.wilk-salinas.com\/es\/wp-json\/wp\/v2\/pages\/1783","targetHints":{"allow":["GET"]}}],"collection":[{"href":"https:\/\/www.wilk-salinas.com\/es\/wp-json\/wp\/v2\/pages"}],"about":[{"href":"https:\/\/www.wilk-salinas.com\/es\/wp-json\/wp\/v2\/types\/page"}],"author":[{"embeddable":true,"href":"https:\/\/www.wilk-salinas.com\/es\/wp-json\/wp\/v2\/users\/1"}],"replies":[{"embeddable":true,"href":"https:\/\/www.wilk-salinas.com\/es\/wp-json\/wp\/v2\/comments?post=1783"}],"version-history":[{"count":6,"href":"https:\/\/www.wilk-salinas.com\/es\/wp-json\/wp\/v2\/pages\/1783\/revisions"}],"predecessor-version":[{"id":6602,"href":"https:\/\/www.wilk-salinas.com\/es\/wp-json\/wp\/v2\/pages\/1783\/revisions\/6602"}],"wp:attachment":[{"href":"https:\/\/www.wilk-salinas.com\/es\/wp-json\/wp\/v2\/media?parent=1783"}],"curies":[{"name":"wp","href":"https:\/\/api.w.org\/{rel}","templated":true}]}}