{"id":1785,"date":"2016-09-16T14:32:06","date_gmt":"2016-09-16T14:32:06","guid":{"rendered":"https:\/\/www.wilk-salinas.com\/ausstellungen-vortrage\/"},"modified":"2020-07-02T08:21:16","modified_gmt":"2020-07-02T08:21:16","slug":"ausstellungen-vortrage","status":"publish","type":"page","link":"https:\/\/www.wilk-salinas.com\/es\/ausstellungen-vortrage\/","title":{"rendered":"Exposiciones-Vida Academica"},"content":{"rendered":"<p>[vc_row][vc_column][vc_custom_heading text=\u00bbEXPOSICIONES\u00bb use_theme_fonts=\u00bbyes\u00bb][vc_custom_heading text=\u00bb2016&#8243; use_theme_fonts=\u00bbyes\u00bb][vc_column_text]<\/p>\n<p>Ausstellung Architektur Preis Berlin 2016. Messe Berlin, 2016.<\/p>\n<p>[\/vc_column_text][\/vc_column][\/vc_row][vc_row][vc_column][vc_custom_heading text=\u00bb2015&#8243; use_theme_fonts=\u00bbyes\u00bb][vc_column_text]Parentesis, Nuestra primera obra, Convocatoria COAM, Ciclo Expositivo sobre Pr\u00e1cticas Arquitect\u00f3nicas Madrile\u00f1as, Colegio de arquitectos Madrid, 2014-2015. \u00a0<a href=\"https:\/\/www.coam.org\/es\/actualidad\/agenda\/agenda-coam\/inauguracion-exposicion-ciclo-parentesis\" target=\"_blank\" rel=\"noopener noreferrer\">\u00a0<i class=\"fa fa-long-arrow-right \" ><\/i><\/a>[\/vc_column_text][\/vc_column][\/vc_row][vc_row][vc_column][vc_custom_heading text=\u00bb2014&#8243; use_theme_fonts=\u00bbyes\u00bb][vc_column_text]FRESH-MADRID, FRESH-ABROAD, Arquitectura, su problem\u00e1tica y los l\u00edmites del discurso disciplinar por parte de profesionales formados en la ETSAM. Matadero Madrid 3-12.10.2014. <a href=\"http:\/\/www.mataderomadrid.org\/ficha\/3621\/fresh-abroad.html\" target=\"_blank\" rel=\"noopener noreferrer\">\u00a0<i class=\"fa fa-long-arrow-right \" ><\/i><\/a>[\/vc_column_text][\/vc_column][\/vc_row][vc_row][vc_column][vc_custom_heading text=\u00bb2013&#8243; use_theme_fonts=\u00bbyes\u00bb][vc_column_text]Iberia Cr\u00edtica, Exposi\u00e7\u00e3o JAE \u2013 J\u00f3venes Arquitectos Espa\u00f1oles, Muse Nacional Soares dos Reis, Porto 31.10. 2013.\u00a0<a href=\"http:\/\/www.oasrn.org\/cultura.php?id=324\" target=\"_blank\" rel=\"noopener noreferrer\"> <i class=\"fa fa-long-arrow-right \" ><\/i><\/a>[\/vc_column_text][\/vc_column][\/vc_row][vc_row][vc_column][vc_custom_heading text=\u00bb2009&#8243; use_theme_fonts=\u00bbyes\u00bb][vc_column_text]<\/p>\n<p>100% Arquitecture, 100 obras de 100 arquitectos de Madrid, convocado por el Colegio Oficial de Arquitectos de Madrid. Ciudad Finaniera del Santander, Madrid, Mayo 2009.<\/p>\n<p>Intercity: Berlin &#8211; Praha, Deutsches Architektur Zentrum DAZ, Berlin. Kuratoren: Berlin &#8211; Jeannette Merker, Feeline Massonne, Franziska Eidner, Praha &#8211; Jaroslav Wertig a Kolektiv, Konzeption: Josef Vom\u00e1tka, 25.03.09 \u2013 07.05.09.<\/p>\n<p>[\/vc_column_text][\/vc_column][\/vc_row][vc_row][vc_column][vc_custom_heading text=\u00bb2008&#8243; use_theme_fonts=\u00bbyes\u00bb][vc_column_text]<\/p>\n<p>Intercity: Berlin &#8211; Praha, Galerie Kritik?, Adria Palast, Kuratoren: Berlin &#8211; Jeannette Merker, Feeline Massonne, Franziska Eidner, Praha &#8211; Jaroslav Wertig a Kolektiv, Konzeption: Josef Vom\u00e1?ka, 23.10.08 \u2013 16.11.08.<a href=\"http:\/\/www.google.de\/url?sa=t&amp;rct=j&amp;q=&amp;esrc=s&amp;source=web&amp;cd=2&amp;ved=0CEUQFjAB&amp;url=http%3A%2F%2Fwww.atelierk2.cz%2Ffile_download%2F1%2Fintercity.pdf&amp;ei=-h4yUMzqIqWL4gSphIHQCg&amp;usg=AFQjCNHE4mrXUAaGkG_5QrvL9cfjCxz-PQ\" target=\"_blank\" rel=\"noopener noreferrer\"> <i class=\"fa fa-long-arrow-right \" ><\/i><\/a><\/p>\n<p>JAE (Jovenes arquitectos de Espa\u00f1a) Ministerio de vivienda, gobierno de Espa\u00f1a, comisario: Jes\u00fas M\u00aa Aparicio Guisado, vicecomisario: Jes\u00fas Donaire Garcia de la Mora.<\/p>\n<p>[\/vc_column_text][\/vc_column][\/vc_row][vc_row][vc_column][vc_custom_heading text=\u00bb2007&#8243; use_theme_fonts=\u00bbyes\u00bb][vc_column_text]<\/p>\n<p>Berlin \u2013 New York Dialogues_Building in Conext, AIA New York Chapter and Center of Architecture Foundation, Exhibition Director Sophie Stigliano, mit Deutsches Architekturzentrum. DAZ, Berlin, Direktorin Kristien Ring, 08.11.07-26.01.08.\u00a0<a href=\"https:\/\/cfa.aiany.org\/index.php?section=PE20012010&amp;expid=106\" target=\"_blank\" rel=\"noopener noreferrer\"> <i class=\"fa fa-long-arrow-right \" ><\/i><\/a>\u00a0<a href=\"http:\/\/aa-projects.eu\/berlin-new-york-dialogues\/\" target=\"_blank\" rel=\"noopener noreferrer\"> <i class=\"fa fa-long-arrow-right \" ><\/i><\/a><\/p>\n<p class=\"p1\">Ausstellung IOC\/IAKS AWARD, FSB Messse K\u00f6ln, 31.10.07 \u2013 02.11.07.<\/p>\n<p>Ausstellung BDA Nike 2007, Bund Deutscher Architekten, Architekturmuseum Frankfurt, 26.09.07 \u2013 28.10.07 (Frankfurt, Berlin).<\/p>\n<p>da! Architektur in und aus Berlin 2007, Jahresausstellung der Architektenkammer Berlin im Stilwerk, Berlin, 15.06.07-15.07.07.<\/p>\n<p>[\/vc_column_text][\/vc_column][\/vc_row][vc_row][vc_column][vc_custom_heading text=\u00bb2006&#8243; use_theme_fonts=\u00bbyes\u00bb][vc_column_text]Ausstellung Holzbaupreis 2006, Hochschule Wismar, Norddeutsche Holzbau \u2013 Fachtagung, 01.12.06 (Finnische Botschaft Berlin, TU Berlin).<\/p>\n<p>10. Internationale Architektur-Biennale Venedig 2006 \u00abCities. Architecture and Society\u00bb Teilnahme im Deutschen Pavillon mit den Projekten \u00abBadeschiff\u00bb (AMP arquitectos mit Gilbert Wilk und Susanne Lorenz) und \u00abWinterbadeschiff\u00bb (Wilk-Salinas Architekten mit Thomas Freiwald) 10.09.06 &#8211; 19.11.06 (Venedig, K\u00f6ln, Berlin). <a href=\"http:\/\/www.convertiblecity.de\/CONVERTIBLE%20CITY_deutsch_aktuell.pdf\" target=\"_blank\" rel=\"noopener noreferrer\"> <i class=\"fa fa-long-arrow-right \" ><\/i><\/a><\/p>\n<p>Ausstellung Architektur Preis Berlin 2006. Akademie der K\u00fcnste, Tiergarten, 2006.<a href=\"http:\/\/www.architekturpreis-berlin.de\/de\/Preis\/Architekturpreis%20Berlin%202006\/\" target=\"_blank\" rel=\"noopener noreferrer\"> <i class=\"fa fa-long-arrow-right \" ><\/i><\/a><\/p>\n<p>Van Alen Institute New York: the good life, new public spaces for recreation, Curator: Zoe Ryan, 08.09.06-01.10.06.<\/p>\n<p>FRESHMADRID, www.freshmadrid.com, organizaci\u00f3n COAM \/ comisaria Ariadna Cantis (Madrid, Barcelona, Bruselas, Buenos Aires, Bogot\u00e1).\u00a0<a href=\"http:\/\/freshmadrid.com\/\" target=\"_blank\" rel=\"noopener noreferrer\"><i class=\"fa fa-long-arrow-right \" ><\/i><\/a>[\/vc_column_text][\/vc_column][\/vc_row][vc_row][vc_column][vc_empty_space][vc_custom_heading text=\u00bbVIDA ACADEMICA\u00bb css=\u00bb.vc_custom_1593677492835{margin-top: 50px !important;}\u00bb][vc_custom_heading text=\u00bb2016&#8243;][vc_column_text]BIKINI TALKS, Technische Universit\u00e4t Berlin, Talks \u00fcber realisierte Projekte und die gesammelten Erfahrungen mit der Architektur im informellen rahmen. July 2016. (<span class=\"s1\">Ana Salinas).<\/span><a href=\"http:\/\/fgvanr.de\/bikinitalk-ana-salinas\/\" target=\"_blank\" rel=\"noopener noreferrer\"> <i class=\"fa fa-long-arrow-right \" ><\/i><\/a><\/p>\n<p>FAB-sala archittetura berlin, Transformation eines Raumes, 3 Workshops 10.2015, 01.2016, 04.2016.[\/vc_column_text][\/vc_column][\/vc_row][vc_row][vc_column][vc_custom_heading text=\u00bb2015&#8243;][vc_column_text]<\/p>\n<p>XII Semana de la Arquitectura, Madrid &#8211; Berlin. Foro debate \u00abExperiencia laboral en Alemania\u00bb, Colegio Oficial de arquitectos de Madrid y la embajada de Alemania, en colaboraci\u00f3n con el Ayuntamiento de Madrid, 1-11.10.2015. (Ana Salinas).<a href=\"http:\/\/www.coam.org\/es\/canal-coam\/videos\/experiencia-laboral-alemania\" target=\"_blank\" rel=\"noopener noreferrer\"><i class=\"fa fa-long-arrow-right \" ><\/i><\/a><\/p>\n<p>[\/vc_column_text][\/vc_column][\/vc_row][vc_row][vc_column][vc_custom_heading text=\u00bb2014&#8243;][vc_column_text]DerDieDas, \u00abTransformationen: Positionen zu architektur und stadt\u00bb B-TU Cottbus. 12.11. 2014. (Gilbert Wilk).<a href=\"https:\/\/www.b-tu.de\/fg-baukonstruktion\/derdiedas\/derdiedas-archiv\" target=\"_blank\" rel=\"noopener noreferrer\"><i class=\"fa fa-long-arrow-right \" ><\/i><\/a><\/p>\n<p>Fresh-Madrid, Fresh-Abroad, Arquitectura, su problem\u00e1tica y los l\u00edmites del discurso disciplinar por parte de profesionales formados en la ETSAM. Matadero Madrid 3-12.10.2014.(Ana Salinas). <a href=\"http:\/\/www.mataderomadrid.org\/ficha\/3621\/fresh-abroad.html\" target=\"_blank\" rel=\"noopener noreferrer\"><i class=\"fa fa-long-arrow-right \" ><\/i><\/a><\/p>\n<p>Iberia Cr\u00edtica , \u00abJ\u00f3venes arquitectos portugueses y espa\u00f1oles en debate\u00bb, Porto 1.11.2013. (Ana Salinas). <a href=\"http:\/\/www.oasrn.org\/cultura.php?id=324\" target=\"_blank\" rel=\"noopener noreferrer\"><i class=\"fa fa-long-arrow-right \" ><\/i><\/a>[\/vc_column_text][\/vc_column][\/vc_row][vc_row][vc_column][vc_custom_heading text=\u00bb2012&#8243;][vc_column_text]<\/p>\n<p class=\"p1\">Architekturpreis e.V. \u201cTextiles Bauen\u201d, Forschung, Entwicklung und Realisierung von Textile Bauten \u2013 Ein Innovationsfeld zeitgenb\u00f6ssischer Architektur, Kutscherhaus am Kurf\u00fcrstendamm, Architekturpreis Berlin e. V. 21.02.2012. <span class=\"s1\">(Gilbert Wilk).<\/span><\/p>\n<p class=\"p1\">Heinze ArchitekTour 2012, \u201cSchwimmbad als Szenetreff-Badeschiff Berlin,Legendenhalle Stuttgart,<span class=\"Apple-converted-space\">\u00a0 <\/span>21.06.2012. <span class=\"s1\">(Gilbert Wilk). <\/span><\/p>\n<p class=\"p1\">BTU Cottbus, Gastvortrag im Rahmen der BTB2 Vorlesung Bau- und Tragkonstruktion \u201e Die Teile und das Ganze &#8211; Winterbadeschiff &#8211; Arena Berlin\u201c, 28.06.2012. <span class=\"s1\"> (Gilbert Wilk).<\/span><\/p>\n<p>[\/vc_column_text][\/vc_column][\/vc_row][vc_row][vc_column][vc_custom_heading text=\u00bb2009&#8243;][vc_column_text]<\/p>\n<p>Hochsch\u00fcle der K\u00fcnste Berlin, Projekt Schanzenbilder, Gprof. Martin Fr\u00f6hlich, Dezember 2009, Preisgerichtsmitglied. (Gilbert Wilk).<\/p>\n<p>Intercity Berlin-Praha, <span class=\"s1\">Pecha Kucha Nacht im <\/span>Deutschen Architekturzentrum DAZ Berlin,06.05.2009. (Gilbert Wilk).<\/p>\n<p>Architekturforum L\u00fcbeck e.V., Architektur am Wasser,Werkbericht Wilk-Salinas Architekten \u201eBe water my friend\u201c (Gilbert Wilk).<\/p>\n<p>[\/vc_column_text][\/vc_column][\/vc_row][vc_row][vc_column][vc_custom_heading text=\u00bb2008&#8243;][vc_column_text]<\/p>\n<p>Bauhaus Universit\u00e4t<span class=\"s1\"> Weimar, Vortragsreihe Horizonte, <\/span>Werkbericht Wilk-Salinas Architekten, 02.12.2008 (Ana Salinas, Gilbert Wilk).<\/p>\n<p>[\/vc_column_text][\/vc_column][\/vc_row][vc_row][vc_column][vc_custom_heading text=\u00bb2007&#8243;][vc_column_text]<\/p>\n<p>Architekturforum Th\u00fcringen: Werkbericht Wilk-Salinas Architekten an der FH Erfurt, 04.12.2007. (Gilbert Wilk).<\/p>\n<p>BDA Architekturpreis, Ausstellungser\u00f6ffnung im Architekturmuseum Frankfurt, 25.09.2007. (Gilbert Wilk).<\/p>\n<p>SPD Frankfurt-Sachsenhausen, Das Berliner Badeschiff, Frankfurt, 14.08.2007. (Gilbert Wilk).<\/p>\n<p>ars Berlin, Summer Academy for Architecture, Technische Fachhochschule Berlin, 21.06.2007. (Gilbert Wilk).<\/p>\n<p>[\/vc_column_text][\/vc_column][\/vc_row][vc_row][vc_column][vc_custom_heading text=\u00bb2006&#8243;][vc_column_text]<\/p>\n<p>IAAC Barcelona, Instituto de Arquitectura avanzada de Catalu<span class=\"s1\">\u00f1<\/span>a: Freshmadrid. (Ana Salinas, Mariola Merino, Esther Ceballos, Gilbert Wilk).<\/p>\n<p>Textile Roofs 2006, Eleventh International Workshop on the Design and Practical Realisation of Architectural Membrane Structures, Berlin. 26.05.2006. (Gilbert Wilk).<\/p>\n<p>Bautec 2006, Architekten-Fachtagung veranstaltet vom Informationsdienst Holz: \u00abHolzbau und Stadtentwicklung\u00bb, 24.02.2006, Berlin. (Gilbert Wilk, Thomas Freiwald).<\/p>\n<p>[\/vc_column_text][\/vc_column][\/vc_row][vc_row][vc_column][vc_custom_heading text=\u00bb2005&#8243;][vc_column_text]<\/p>\n<p class=\"p1\">Conferencia en el Colegio de Arquitectos de Tenerife. Marat\u00f3n de Arquitectura Joven, Tenerife, 2005. (Ana Salinas, Mariola Merino, Esther Ceballos).<\/p>\n<p>[\/vc_column_text][\/vc_column][\/vc_row][vc_row][vc_column][vc_custom_heading text=\u00bb2003&#8243;][vc_column_text]Freie Hansestadt Hamburg, \u00abSprung \u00fcber die Elbe\u00bb, Internationale Entwurfswerkstatt 17-24. Juli 2003. (Gilbert Wilk).[\/vc_column_text][\/vc_column][\/vc_row]<\/p>\n","protected":false},"excerpt":{"rendered":"<p>[vc_row][vc_column][vc_custom_heading text=\u00bbEXPOSICIONES\u00bb use_theme_fonts=\u00bbyes\u00bb][vc_custom_heading text=\u00bb2016&#8243; use_theme_fonts=\u00bbyes\u00bb][vc_column_text] Ausstellung Architektur Preis Berlin 2016. Messe Berlin, 2016. [\/vc_column_text][\/vc_column][\/vc_row][vc_row][vc_column][vc_custom_heading text=\u00bb2015&#8243; use_theme_fonts=\u00bbyes\u00bb][vc_column_text]Parentesis, Nuestra primera obra, Convocatoria COAM, Ciclo Expositivo sobre Pr\u00e1cticas Arquitect\u00f3nicas Madrile\u00f1as, Colegio de arquitectos Madrid, 2014-2015. \u00a0\u00a0[\/vc_column_text][\/vc_column][\/vc_row][vc_row][vc_column][vc_custom_heading text=\u00bb2014&#8243; use_theme_fonts=\u00bbyes\u00bb][vc_column_text]FRESH-MADRID, FRESH-ABROAD, Arquitectura, su problem\u00e1tica y los l\u00edmites del discurso disciplinar por parte de profesionales formados en la ETSAM. Matadero Madrid [&hellip;]<\/p>\n","protected":false},"author":1,"featured_media":0,"parent":0,"menu_order":0,"comment_status":"closed","ping_status":"open","template":"","meta":{"_acf_changed":false,"footnotes":""},"class_list":["post-1785","page","type-page","status-publish","hentry"],"acf":[],"aioseo_notices":[],"_links":{"self":[{"href":"https:\/\/www.wilk-salinas.com\/es\/wp-json\/wp\/v2\/pages\/1785","targetHints":{"allow":["GET"]}}],"collection":[{"href":"https:\/\/www.wilk-salinas.com\/es\/wp-json\/wp\/v2\/pages"}],"about":[{"href":"https:\/\/www.wilk-salinas.com\/es\/wp-json\/wp\/v2\/types\/page"}],"author":[{"embeddable":true,"href":"https:\/\/www.wilk-salinas.com\/es\/wp-json\/wp\/v2\/users\/1"}],"replies":[{"embeddable":true,"href":"https:\/\/www.wilk-salinas.com\/es\/wp-json\/wp\/v2\/comments?post=1785"}],"version-history":[{"count":11,"href":"https:\/\/www.wilk-salinas.com\/es\/wp-json\/wp\/v2\/pages\/1785\/revisions"}],"predecessor-version":[{"id":6619,"href":"https:\/\/www.wilk-salinas.com\/es\/wp-json\/wp\/v2\/pages\/1785\/revisions\/6619"}],"wp:attachment":[{"href":"https:\/\/www.wilk-salinas.com\/es\/wp-json\/wp\/v2\/media?parent=1785"}],"curies":[{"name":"wp","href":"https:\/\/api.w.org\/{rel}","templated":true}]}}