{"id":1787,"date":"2016-09-16T14:30:53","date_gmt":"2016-09-16T14:30:53","guid":{"rendered":"https:\/\/www.wilk-salinas.com\/medien\/"},"modified":"2020-07-01T14:45:20","modified_gmt":"2020-07-01T14:45:20","slug":"medien","status":"publish","type":"page","link":"https:\/\/www.wilk-salinas.com\/es\/medien\/","title":{"rendered":"Media"},"content":{"rendered":"<p>[vc_row][vc_column][vc_custom_heading text=\u00bb2018&#8243; use_theme_fonts=\u00bbyes\u00bb][vc_gallery type=\u00bbflexslider_slide\u00bb interval=\u00bb5&#8243; images=\u00bb5948,5951,5954&#8243; img_size=\u00bbfull\u00bb onclick=\u00bb\u00bb][vc_column_text]A research program on finantial and management models\u00a0<a href=\"http:\/\/www.pooliscool.org\/howtoswim\/\" target=\"_blank\" rel=\"noopener noreferrer\">\u00a0<i class=\"fa fa-long-arrow-right \" ><\/i><\/a>[\/vc_column_text][vc_empty_space height=\u00bb62px\u00bb][vc_single_image image=\u00bb5389&#8243; img_size=\u00bbfull\u00bb][vc_column_text]Conecta el Mercado Alemania &#8211; Programa de RTVE\u00a0<a href=\"http:\/\/www.rtve.es\/alacarta\/videos\/conecta-con-el-mercado\/conecta-mercado-alemania\/4500118\/\" target=\"_blank\" rel=\"noopener noreferrer\">\u00a0<i class=\"fa fa-long-arrow-right \" ><\/i><\/a>[\/vc_column_text][vc_empty_space height=\u00bb62px\u00bb][\/vc_column][\/vc_row][vc_row][vc_column][vc_custom_heading text=\u00bb2016&#8243; use_theme_fonts=\u00bbyes\u00bb][vc_single_image image=\u00bb5134&#8243; img_size=\u00bbfull\u00bb][vc_column_text]BIKINI TALKS \u2013 Fotos Link Flyer\u00a0<a href=\"http:\/\/fgvanr.de\/bikinitalk-ana-salinas\/\" target=\"_blank\" rel=\"noopener noreferrer\">\u00a0<i class=\"fa fa-long-arrow-right \" ><\/i><\/a>[\/vc_column_text][vc_empty_space height=\u00bb62px\u00bb][\/vc_column][\/vc_row][vc_row][vc_column][vc_custom_heading text=\u00bb2015&#8243; use_theme_fonts=\u00bbyes\u00bb][vc_single_image image=\u00bb5133&#8243; img_size=\u00bbfull\u00bb][vc_column_text]COAM- Conferencia Experiencia Laboral en Alemania. XII-SEMANA DE ARQUITECTURA 2015\u00a0<a href=\"http:\/\/www.coam.org\/es\/canal-coam\/videos\/experiencia-laboral-alemania\" target=\"_blank\" rel=\"noopener noreferrer\">\u00a0<i class=\"fa fa-long-arrow-right \" ><\/i><\/a>[\/vc_column_text][vc_empty_space height=\u00bb62px\u00bb][\/vc_column][\/vc_row][vc_row][vc_column][vc_custom_heading text=\u00bb2014&#8243; use_theme_fonts=\u00bbyes\u00bb][vc_single_image image=\u00bb538&#8243; img_size=\u00bbfull\u00bb][vc_column_text]DERDIEDAS &#8211; btu &#8211; Positionen zu Architektur und Stadt &#8211; Berlin\u00a0<a href=\"https:\/\/www.b-tu.de\/fg-baukonstruktion\/derdiedas\/derdiedas-archiv\" target=\"_blank\" rel=\"noopener noreferrer\">\u00a0<i class=\"fa fa-long-arrow-right \" ><\/i><\/a>[\/vc_column_text][vc_empty_space height=\u00bb62px\u00bb][vc_single_image image=\u00bb542&#8243; img_size=\u00bbfull\u00bb][vc_column_text]FRESH ABROAD _ Fresh Madrid 2014\u00a0<a href=\"http:\/\/www.mataderomadrid.org\/ficha\/3621\/fresh-abroad.html\" target=\"_blank\" rel=\"noopener noreferrer\">\u00a0<i class=\"fa fa-long-arrow-right \" ><\/i><\/a>[\/vc_column_text][vc_empty_space height=\u00bb62px\u00bb][\/vc_column][\/vc_row][vc_row][vc_column][vc_custom_heading text=\u00bb2013&#8243; use_theme_fonts=\u00bbyes\u00bb][vc_gallery type=\u00bbflexslider_slide\u00bb interval=\u00bb5&#8243; images=\u00bb545,546&#8243; img_size=\u00bbfull\u00bb onclick=\u00bb\u00bb][vc_column_text]Iberia Critica &#8211; Mostra Espanha 2013- Porto\u00a0<a href=\"http:\/\/www.oasrn.org\/cultura.php?id=324\" target=\"_blank\" rel=\"noopener noreferrer\"><i class=\"fa fa-long-arrow-right \" ><\/i><\/a>[\/vc_column_text][vc_empty_space height=\u00bb62px\u00bb][vc_single_image image=\u00bb549&#8243; img_size=\u00bbfull\u00bb][vc_column_text]ArchDaily\u00a0<a href=\"http:\/\/www.archdaily.com\/433692\/badeschiff-wilk-salinas-architekten\/\" target=\"_blank\" rel=\"noopener noreferrer\"><i class=\"fa fa-long-arrow-right \" ><\/i><\/a>[\/vc_column_text][vc_empty_space height=\u00bb62px\u00bb][vc_single_image image=\u00bb551&#8243; img_size=\u00bbfull\u00bb][vc_column_text]Wallpaper* City Guide Berlin, 4. Auflage, 2012, Verlag: Phaidon Berlin, ISBN 100714862800[\/vc_column_text][vc_empty_space height=\u00bb62px\u00bb][\/vc_column][\/vc_row][vc_row][vc_column][vc_custom_heading text=\u00bb2011&#8243; use_theme_fonts=\u00bbyes\u00bb][vc_gallery type=\u00bbflexslider_slide\u00bb interval=\u00bb5&#8243; images=\u00bb553,554,555,556,557,558&#8243; img_size=\u00bbfull\u00bb onclick=\u00bb\u00bb][vc_column_text]Tectonica, page 36-51, published by Delegaci\u00f3n centro y departamento, Octubre 2011, ISSN 1136-0062[\/vc_column_text][vc_empty_space height=\u00bb62px\u00bb][vc_gallery type=\u00bbflexslider_slide\u00bb interval=\u00bb5&#8243; images=\u00bb560,561&#8243; img_size=\u00bbfull\u00bb onclick=\u00bb\u00bb][vc_column_text]l\u00b4industria delle construzioni, italian+english edition, page 12-15, gennaio-febbraio 2011, published by Edilstampa, Roma, ISSN 0579-4900[\/vc_column_text][vc_empty_space height=\u00bb62px\u00bb][\/vc_column][\/vc_row][vc_row][vc_column][vc_custom_heading text=\u00bb2010&#8243; use_theme_fonts=\u00bbyes\u00bb][vc_single_image image=\u00bb563&#8243; img_size=\u00bbfull\u00bb][vc_column_text]Interni &#8211; On board, supplement to Interni N\u00b0 606, page 34-35, November 2010, Mondarori[\/vc_column_text][vc_empty_space height=\u00bb62px\u00bb][vc_single_image image=\u00bb565&#8243; img_size=\u00bbfull\u00bb][vc_column_text]Spanish Architecture[\/vc_column_text][vc_empty_space height=\u00bb62px\u00bb][\/vc_column][\/vc_row][vc_row][vc_column][vc_custom_heading text=\u00bb2009&#8243;][vc_gallery type=\u00bbflexslider_slide\u00bb interval=\u00bb5&#8243; images=\u00bb574,575&#8243; img_size=\u00bbfull\u00bb onclick=\u00bb\u00bb][vc_column_text]Swiss magazine Berlin, page 22-23, issue 3.2009, published in Basel for SWISS[\/vc_column_text][vc_empty_space height=\u00bb62px\u00bb][vc_single_image image=\u00bb570&#8243; img_size=\u00bbfull\u00bb][vc_column_text]CYAN, agosto 09, \u201eARQUIDUALES\u201c, Adri\u00e1n Pe\u00f1alver, pagina 92 &#8211; 96[\/vc_column_text][vc_empty_space height=\u00bb62px\u00bb][vc_single_image image=\u00bb572&#8243; img_size=\u00bbfull\u00bb][vc_column_text]Architectural Record\u00a0<a href=\"http:\/\/www.architecturalrecord.com\/\"><i class=\"fa fa-long-arrow-right \" ><\/i><\/a>[\/vc_column_text][vc_empty_space height=\u00bb62px\u00bb][vc_single_image image=\u00bb576&#8243; img_size=\u00bbfull\u00bb][vc_column_text]100% Arquitecture, 100 obras de 100 arquitectos de Madrid, convocado por el Colegio oficial de arquitectos de Madrid. Ciudad Finaniera del Santander, Madrid, Mayo 2009.[\/vc_column_text][vc_empty_space height=\u00bb62px\u00bb][vc_gallery type=\u00bbflexslider_slide\u00bb interval=\u00bb5&#8243; images=\u00bb578,579,580&#8243; img_size=\u00bbfull\u00bb onclick=\u00bb\u00bb][vc_column_text]Casa Bella, Seiten 64 \u2013 71, Ausgabe 771\/772, Brescia[\/vc_column_text][vc_empty_space height=\u00bb62px\u00bb][\/vc_column][\/vc_row][vc_row][vc_column][vc_custom_heading text=\u00bb2008&#8243;][vc_gallery type=\u00bbflexslider_slide\u00bb interval=\u00bb5&#8243; images=\u00bb581,582&#8243; img_size=\u00bbfull\u00bb onclick=\u00bb\u00bb][vc_column_text]Berliner BDA Architekten, Band 2, Seite 138-139, Bund Deutscher Architekten Landesverband Berlin e.V. und jovis Verlag GmbH 2008, ISBN 978-3+939633-61-1[\/vc_column_text][vc_empty_space height=\u00bb62px\u00bb][vc_single_image image=\u00bb584&#8243; img_size=\u00bbfull\u00bb][vc_column_text]Judit Bellostes blog, Judit Bellostes\u00a0<a href=\"http:\/\/blog.bellostes.com\/?p=673\" target=\"_blank\" rel=\"noopener noreferrer\"><i class=\"fa fa-long-arrow-right \" ><\/i><\/a>[\/vc_column_text][vc_empty_space height=\u00bb62px\u00bb][vc_gallery type=\u00bbflexslider_slide\u00bb interval=\u00bb5&#8243; images=\u00bb585,586,587&#8243; img_size=\u00bbfull\u00bb onclick=\u00bb\u00bb][vc_column_text]nubes rosas blog\u00a0<a href=\"http:\/\/nubesrosasenarquitectura.blogspot.de\/2009\/05\/blog-post.html\" target=\"_blank\" rel=\"noopener noreferrer\"><i class=\"fa fa-long-arrow-right \" ><\/i><\/a>[\/vc_column_text][vc_empty_space height=\u00bb62px\u00bb][vc_single_image image=\u00bb593&#8243; img_size=\u00bbfull\u00bb][vc_column_text]R\u00e4ume f\u00fcr\u00b4s Leben, BDA Publikation[\/vc_column_text][vc_empty_space height=\u00bb62px\u00bb][vc_gallery type=\u00bbflexslider_slide\u00bb interval=\u00bb5&#8243; images=\u00bb6566,6569&#8243; img_size=\u00bbfull\u00bb onclick=\u00bb\u00bb][vc_column_text]Wasser \/ Eau \/ Water, Joachim Fischer, Seiten 274 \u2013 277, Tandem Verlag GmbH 2008, ISBN 978-3-8331-5024-1[\/vc_column_text][vc_empty_space height=\u00bb62px\u00bb][vc_gallery type=\u00bbflexslider_slide\u00bb interval=\u00bb5&#8243; images=\u00bb598,599&#8243; img_size=\u00bbfull\u00bb onclick=\u00bb\u00bb][vc_column_text]Intercity Berlin-Praha, 10\/2008, Austellungskatalog[\/vc_column_text][vc_empty_space height=\u00bb62px\u00bb][vc_single_image image=\u00bb601&#8243; img_size=\u00bbfull\u00bb][vc_column_text]PROYECTO CONTRACT, Seite 150-151, n\u00famero 45, MC Ediciones 2008[\/vc_column_text][vc_empty_space height=\u00bb62px\u00bb][vc_single_image image=\u00bb603&#8243; img_size=\u00bbfull\u00bb][vc_column_text]Der Architekt, 03\/2008 \u201cRaumwende\u201d Seite 82, Herausgeber: BDA, Nicolaische Verlagsbuchhandlung Berlin, ISSN 0003-875X[\/vc_column_text][vc_empty_space height=\u00bb62px\u00bb][vc_gallery type=\u00bbflexslider_slide\u00bb interval=\u00bb5&#8243; images=\u00bb605,606,607&#8243; img_size=\u00bbfull\u00bb onclick=\u00bb\u00bb][vc_column_text]JAE J\u00f3venes Arquitectos de Espana, Seiten 570 \u2013 577, 591, published by: Technical Department Publications Unit, 09\/2008, ISBN 978-84-96387-37-9[\/vc_column_text][vc_empty_space height=\u00bb62px\u00bb][\/vc_column][\/vc_row][vc_row][vc_column][vc_custom_heading text=\u00bb2007&#8243;][vc_single_image image=\u00bb609&#8243; img_size=\u00bbfull\u00bb][vc_column_text]International urban landscape award &#8217;07, Seite 23, Topos Verlag[\/vc_column_text][vc_empty_space height=\u00bb62px\u00bb][vc_gallery type=\u00bbflexslider_slide\u00bb interval=\u00bb5&#8243; images=\u00bb611,612&#8243; img_size=\u00bbfull\u00bb onclick=\u00bb\u00bb][vc_column_text]SB, Zeitschrift der IAKS\/IAKS magazine, 41. Jahrgang, Ausbage 05\/2007[\/vc_column_text][vc_empty_space height=\u00bb62px\u00bb][vc_gallery type=\u00bbflexslider_slide\u00bb interval=\u00bb5&#8243; images=\u00bb614,615&#8243; img_size=\u00bbfull\u00bb onclick=\u00bb\u00bb][vc_column_text]SOUL Magazine: lifestyle, art &amp; culture magazine, May 2007, Thessaloniki, Greece[\/vc_column_text][vc_empty_space height=\u00bb62px\u00bb][vc_single_image image=\u00bb617&#8243; img_size=\u00bbfull\u00bb][vc_column_text]der architekt, Ausgabe 4\/2007, Nicolaische Verlagsbuchhandlung Berlin, Seite 77: \u00abnike f\u00fcr preis und leistung\u00bb[\/vc_column_text][vc_empty_space height=\u00bb62px\u00bb][vc_gallery type=\u00bbflexslider_slide\u00bb interval=\u00bb5&#8243; images=\u00bb619,620&#8243; img_size=\u00bbfull\u00bb onclick=\u00bb\u00bb][vc_column_text]PASAJES \u2013 Construcci\u00f3n, 2007, Ausgabe Nr. 25, Seite 28-29, \u201cPiscinas de Invierno\u201d, ISSN 1697-4387[\/vc_column_text][vc_empty_space height=\u00bb62px\u00bb][\/vc_column][\/vc_row][vc_row][vc_column][vc_custom_heading text=\u00bb2006&#8243;][vc_gallery type=\u00bbflexslider_slide\u00bb interval=\u00bb5&#8243; images=\u00bb622,623&#8243; img_size=\u00bbfull\u00bb onclick=\u00bb\u00bb][vc_column_text]10. International architecture Exhibition, Venice 2006 <a href=\"http:\/\/www.convertiblecity.de\/projekte_projekt29_en.html\" target=\"_blank\" rel=\"noopener noreferrer\"><i class=\"fa fa-long-arrow-right \" ><\/i><\/a>[\/vc_column_text][vc_empty_space height=\u00bb62px\u00bb][vc_single_image image=\u00bb624&#8243; img_size=\u00bbfull\u00bb][vc_column_text]Auszeichnung: Holzbaupreis 2006 &#8211; Berlin, Brandenburg, Mecklenburg-Vorpommern, Sachsen-Anhalt\u00a0<a href=\"https:\/\/www.competitionline.com\/de\/ergebnisse\/5876\" target=\"_blank\" rel=\"noopener noreferrer\"><i class=\"fa fa-long-arrow-right \" ><\/i><\/a>[\/vc_column_text][vc_empty_space height=\u00bb62px\u00bb][vc_single_image image=\u00bb626&#8243; img_size=\u00bbfull\u00bb][vc_column_text]Ausszeichnung: Architekturpreis 2006, Berlin\u00a0<a href=\"http:\/\/www.architekturpreis-berlin.de\/de\/Preis\/Architekturpreis%20Berlin%202006\/\" target=\"_blank\" rel=\"noopener noreferrer\"><i class=\"fa fa-long-arrow-right \" ><\/i><\/a>[\/vc_column_text][vc_empty_space height=\u00bb62px\u00bb][vc_single_image image=\u00bb628&#8243; img_size=\u00bbfull\u00bb][vc_column_text]100+1 Ideen f\u00fcr die Innenstadt, hg. Im Stadtanalyse Verlag, Eppstein 2006, Seite 110-111, \u201ePack die Badehose ein\u201c, ISBN-10: 3-939620-02-5[\/vc_column_text][vc_empty_space height=\u00bb62px\u00bb][vc_single_image image=\u00bb630&#8243; img_size=\u00bbfull\u00bb][vc_column_text]The Euro-Asian architecture magazine, 11\/12 2006, no.1, page 10, \u00abfloating sauna\u00bb, ISSN 1000-8993[\/vc_column_text][vc_empty_space height=\u00bb62px\u00bb][vc_gallery type=\u00bbflexslider_slide\u00bb interval=\u00bb5&#8243; images=\u00bb632,633,634&#8243; img_size=\u00bbfull\u00bb onclick=\u00bb\u00bb][vc_column_text]DBZ Deutsche Bauzeitschrift, 54. Jahrgang November 2006, Claus K\u00e4ppler: \u201eDie Leichtigkeit des Seins\u201c, Berlin ISSN 0011-4782[\/vc_column_text][vc_empty_space height=\u00bb62px\u00bb][vc_gallery type=\u00bbflexslider_slide\u00bb interval=\u00bb5&#8243; images=\u00bb636,637&#8243; img_size=\u00bbfull\u00bb onclick=\u00bb\u00bb][vc_column_text]AMC le moniteur architecture, Ausgabe Nr. 163, Seite 86-89, \u201cpiscine flottante\u00bb, ISSN 0998-4194[\/vc_column_text][vc_empty_space height=\u00bb62px\u00bb][vc_gallery type=\u00bbflexslider_slide\u00bb interval=\u00bb5&#8243; images=\u00bb639,640&#8243; img_size=\u00bbfull\u00bb onclick=\u00bb\u00bb][vc_column_text]PISCINEOGGI architettura\/ambiente\/tecnologia dell\u00b4acqua, Ausgabe Nr. 135, Seite 138-142, Sara Lisa Di Mario: Un ponte d\u00b4acqua, ISSN 0390-3230[\/vc_column_text][vc_empty_space height=\u00bb62px\u00bb][vc_gallery type=\u00bbflexslider_slide\u00bb interval=\u00bb5&#8243; images=\u00bb642,643,644&#8243; img_size=\u00bbfull\u00bb onclick=\u00bb\u00bb][vc_column_text]FRAME MAGAZINE, frame 52 2006, Sam Spurr: \u201eup a lazy river\u201c, Seite 132-139, September\/Oktober 2006[\/vc_column_text][vc_empty_space height=\u00bb62px\u00bb][vc_single_image image=\u00bb645&#8243; img_size=\u00bbfull\u00bb][vc_column_text]M\u00e4nner, \u00c4 0608, Bruno Gm\u00fcnder Verlag GmbH 2006, Seite 10-17:\u201cJulius\u201d, ISSN 0935-8838[\/vc_column_text][vc_empty_space height=\u00bb62px\u00bb][vc_gallery type=\u00bbflexslider_slide\u00bb interval=\u00bb5&#8243; images=\u00bb647,648,649&#8243; img_size=\u00bbfull\u00bb onclick=\u00bb\u00bb][vc_column_text]AIT Architektur\/Innenarchitektur 6-2006, Seite 92-97, \u201eEinhausung Badeschiff, Berlin\u201d, 4 194561 70 9901 06[\/vc_column_text][vc_empty_space height=\u00bb62px\u00bb][vc_single_image image=\u00bb651&#8243; img_size=\u00bbfull\u00bb][vc_column_text]ICON-magazine, architecture + design, Seite 56, Anna Bates, \u201ea floating Swimming pool\u201c, Ausgabe 036, Juni 2006, ISSN 1479-9456[\/vc_column_text][vc_empty_space height=\u00bb62px\u00bb][vc_gallery type=\u00bbflexslider_slide\u00bb interval=\u00bb5&#8243; images=\u00bb653,654,655,656,657,658&#8243; img_size=\u00bbfull\u00bb onclick=\u00bb\u00bb][vc_column_text]FRESHMADRID, 1\u00ba Ausgabe Mai 2006, Fundaci\u00f3n COAM (Architektenkammer Madrid), Seite 132-141, \u201cAna Salinas\/Wilk_Salinas\u201d ISBN 84-96656-00-4[\/vc_column_text][vc_empty_space height=\u00bb62px\u00bb][vc_single_image image=\u00bb659&#8243; img_size=\u00bbfull\u00bb][vc_column_text]Baumeister B3, Zeitschrift f\u00fcr Architektur, 103. Jahrgang 2006, Seite 13, Christoph Tempel: \u201eOben mit- Berliner Badeschiff mit Winterdach\u201c, ISSN 0005-674X[\/vc_column_text][vc_empty_space height=\u00bb62px\u00bb][\/vc_column][\/vc_row][vc_row][vc_column][vc_custom_heading text=\u00bb2004&#8243;][vc_gallery type=\u00bbflexslider_slide\u00bb interval=\u00bb5&#8243; images=\u00bb661,662&#8243; img_size=\u00bbfull\u00bb onclick=\u00bb\u00bb][vc_column_text]Publicaci\u00f3 del Collegi d\u00b4Arquitectes de Catalunya, Castelalano Francais, page 96 &#8211; 101, Quaderns 2004[\/vc_column_text][\/vc_column][\/vc_row]<\/p>\n","protected":false},"excerpt":{"rendered":"<p>[vc_row][vc_column][vc_custom_heading text=\u00bb2018&#8243; use_theme_fonts=\u00bbyes\u00bb][vc_gallery type=\u00bbflexslider_slide\u00bb interval=\u00bb5&#8243; images=\u00bb5948,5951,5954&#8243; img_size=\u00bbfull\u00bb onclick=\u00bb\u00bb][vc_column_text]A research program on finantial and management models\u00a0\u00a0[\/vc_column_text][vc_empty_space height=\u00bb62px\u00bb][vc_single_image image=\u00bb5389&#8243; img_size=\u00bbfull\u00bb][vc_column_text]Conecta el Mercado Alemania &#8211; Programa de RTVE\u00a0\u00a0[\/vc_column_text][vc_empty_space height=\u00bb62px\u00bb][\/vc_column][\/vc_row][vc_row][vc_column][vc_custom_heading text=\u00bb2016&#8243; use_theme_fonts=\u00bbyes\u00bb][vc_single_image image=\u00bb5134&#8243; img_size=\u00bbfull\u00bb][vc_column_text]BIKINI TALKS \u2013 Fotos Link Flyer\u00a0\u00a0[\/vc_column_text][vc_empty_space height=\u00bb62px\u00bb][\/vc_column][\/vc_row][vc_row][vc_column][vc_custom_heading text=\u00bb2015&#8243; use_theme_fonts=\u00bbyes\u00bb][vc_single_image image=\u00bb5133&#8243; img_size=\u00bbfull\u00bb][vc_column_text]COAM- Conferencia Experiencia Laboral en Alemania. XII-SEMANA DE ARQUITECTURA 2015\u00a0\u00a0[\/vc_column_text][vc_empty_space height=\u00bb62px\u00bb][\/vc_column][\/vc_row][vc_row][vc_column][vc_custom_heading text=\u00bb2014&#8243; use_theme_fonts=\u00bbyes\u00bb][vc_single_image image=\u00bb538&#8243; img_size=\u00bbfull\u00bb][vc_column_text]DERDIEDAS &#8211; [&hellip;]<\/p>\n","protected":false},"author":1,"featured_media":0,"parent":0,"menu_order":0,"comment_status":"closed","ping_status":"open","template":"","meta":{"_acf_changed":false,"footnotes":""},"class_list":["post-1787","page","type-page","status-publish","hentry"],"acf":[],"aioseo_notices":[],"_links":{"self":[{"href":"https:\/\/www.wilk-salinas.com\/es\/wp-json\/wp\/v2\/pages\/1787","targetHints":{"allow":["GET"]}}],"collection":[{"href":"https:\/\/www.wilk-salinas.com\/es\/wp-json\/wp\/v2\/pages"}],"about":[{"href":"https:\/\/www.wilk-salinas.com\/es\/wp-json\/wp\/v2\/types\/page"}],"author":[{"embeddable":true,"href":"https:\/\/www.wilk-salinas.com\/es\/wp-json\/wp\/v2\/users\/1"}],"replies":[{"embeddable":true,"href":"https:\/\/www.wilk-salinas.com\/es\/wp-json\/wp\/v2\/comments?post=1787"}],"version-history":[{"count":33,"href":"https:\/\/www.wilk-salinas.com\/es\/wp-json\/wp\/v2\/pages\/1787\/revisions"}],"predecessor-version":[{"id":6586,"href":"https:\/\/www.wilk-salinas.com\/es\/wp-json\/wp\/v2\/pages\/1787\/revisions\/6586"}],"wp:attachment":[{"href":"https:\/\/www.wilk-salinas.com\/es\/wp-json\/wp\/v2\/media?parent=1787"}],"curies":[{"name":"wp","href":"https:\/\/api.w.org\/{rel}","templated":true}]}}